{"id":814,"date":"2021-12-19T14:10:00","date_gmt":"2021-12-19T14:10:00","guid":{"rendered":"https:\/\/tegservicesinc.com\/site\/?page_id=814"},"modified":"2021-12-19T14:12:22","modified_gmt":"2021-12-19T14:12:22","slug":"life-insurance","status":"publish","type":"page","link":"https:\/\/tegservicesinc.com\/site\/es\/life-insurance\/","title":{"rendered":"Seguro de vida"},"content":{"rendered":"<div data-elementor-type=\"wp-page\" data-elementor-id=\"814\" class=\"elementor elementor-814\">\n\t\t\t\t\t\t<section class=\"elementor-section elementor-top-section elementor-element elementor-element-fbd6343 elementor-section-boxed elementor-section-height-default elementor-section-height-default\" data-id=\"fbd6343\" data-element_type=\"section\" data-e-type=\"section\" data-settings=\"{&quot;background_background&quot;:&quot;classic&quot;}\">\n\t\t\t\t\t\t\t<div class=\"elementor-background-overlay\"><\/div>\n\t\t\t\t\t\t\t<div class=\"elementor-container elementor-column-gap-no\">\n\t\t\t\t\t<div class=\"elementor-column elementor-col-100 elementor-top-column elementor-element elementor-element-cfbfd48\" data-id=\"cfbfd48\" data-element_type=\"column\" data-e-type=\"column\">\n\t\t\t<div class=\"elementor-widget-wrap elementor-element-populated\">\n\t\t\t\t\t\t<div class=\"elementor-element elementor-element-3c1950b elementor-widget elementor-widget-heading\" data-id=\"3c1950b\" data-element_type=\"widget\" data-e-type=\"widget\" data-widget_type=\"heading.default\">\n\t\t\t\t<div class=\"elementor-widget-container\">\n\t\t\t\t\t<h1 class=\"elementor-heading-title elementor-size-default\">Seguro de vida<\/h1>\t\t\t\t<\/div>\n\t\t\t\t<\/div>\n\t\t\t\t\t<\/div>\n\t\t<\/div>\n\t\t\t\t\t<\/div>\n\t\t<\/section>\n\t\t\t\t<section class=\"elementor-section elementor-top-section elementor-element elementor-element-2619033 elementor-section-boxed elementor-section-height-default elementor-section-height-default\" data-id=\"2619033\" data-element_type=\"section\" data-e-type=\"section\">\n\t\t\t\t\t\t<div class=\"elementor-container elementor-column-gap-default\">\n\t\t\t\t\t<div class=\"elementor-column elementor-col-100 elementor-top-column elementor-element elementor-element-a995a96\" data-id=\"a995a96\" data-element_type=\"column\" data-e-type=\"column\" data-settings=\"{&quot;background_background&quot;:&quot;gradient&quot;}\">\n\t\t\t<div class=\"elementor-widget-wrap elementor-element-populated\">\n\t\t\t\t\t<div class=\"elementor-background-overlay\"><\/div>\n\t\t\t\t\t\t<div class=\"elementor-element elementor-element-7105199 elementor-widget elementor-widget-heading\" data-id=\"7105199\" data-element_type=\"widget\" data-e-type=\"widget\" data-widget_type=\"heading.default\">\n\t\t\t\t<div class=\"elementor-widget-container\">\n\t\t\t\t\t<h4 class=\"elementor-heading-title elementor-size-default\">Al elegir la mejor cobertura de seguro de vida para usted, puede ser \u00fatil contar con profesionales como TEG Services que gu\u00eden el camino. Ya sea que busque en el mercado un seguro de vida a t\u00e9rmino, un seguro de vida completo o algo m\u00e1s espec\u00edfico, nuestros corredores le encontrar\u00e1n la mejor cobertura al costo m\u00e1s bajo.<\/h4>\t\t\t\t<\/div>\n\t\t\t\t<\/div>\n\t\t\t\t<div class=\"elementor-element elementor-element-f415bf5 elementor-align-center elementor-widget elementor-widget-button\" data-id=\"f415bf5\" data-element_type=\"widget\" data-e-type=\"widget\" data-widget_type=\"button.default\">\n\t\t\t\t<div class=\"elementor-widget-container\">\n\t\t\t\t\t\t\t\t\t<div class=\"elementor-button-wrapper\">\n\t\t\t\t\t<a class=\"elementor-button elementor-button-link elementor-size-sm\" href=\"tel:+12819604000?id=118819492\">\n\t\t\t\t\t\t<span class=\"elementor-button-content-wrapper\">\n\t\t\t\t\t\t<span class=\"elementor-button-icon\">\n\t\t\t\t<i aria-hidden=\"true\" class=\"fas fa-phone-alt\"><\/i>\t\t\t<\/span>\n\t\t\t\t\t\t\t\t\t<span class=\"elementor-button-text\"> Comunicate con nosotros aqu\u00ed<\/span>\n\t\t\t\t\t<\/span>\n\t\t\t\t\t<\/a>\n\t\t\t\t<\/div>\n\t\t\t\t\t\t\t\t<\/div>\n\t\t\t\t<\/div>\n\t\t\t\t\t<\/div>\n\t\t<\/div>\n\t\t\t\t\t<\/div>\n\t\t<\/section>\n\t\t\t\t<section class=\"elementor-section elementor-top-section elementor-element elementor-element-087efc0 elementor-section-boxed elementor-section-height-default elementor-section-height-default\" data-id=\"087efc0\" data-element_type=\"section\" data-e-type=\"section\">\n\t\t\t\t\t\t<div class=\"elementor-container elementor-column-gap-no\">\n\t\t\t\t\t<div class=\"elementor-column elementor-col-100 elementor-top-column elementor-element elementor-element-e10c73c\" data-id=\"e10c73c\" data-element_type=\"column\" data-e-type=\"column\">\n\t\t\t<div class=\"elementor-widget-wrap elementor-element-populated\">\n\t\t\t\t\t\t<section class=\"elementor-section elementor-inner-section elementor-element elementor-element-cf1f7c6 elementor-section-boxed elementor-section-height-default elementor-section-height-default\" data-id=\"cf1f7c6\" data-element_type=\"section\" data-e-type=\"section\">\n\t\t\t\t\t\t<div class=\"elementor-container elementor-column-gap-default\">\n\t\t\t\t\t<div class=\"elementor-column elementor-col-100 elementor-inner-column elementor-element elementor-element-cb7958e\" data-id=\"cb7958e\" data-element_type=\"column\" data-e-type=\"column\">\n\t\t\t<div class=\"elementor-widget-wrap elementor-element-populated\">\n\t\t\t\t\t\t<div class=\"elementor-element elementor-element-303a3e8 elementor-widget__width-auto elementor-widget elementor-widget-heading\" data-id=\"303a3e8\" data-element_type=\"widget\" data-e-type=\"widget\" data-widget_type=\"heading.default\">\n\t\t\t\t<div class=\"elementor-widget-container\">\n\t\t\t\t\t<h6 class=\"elementor-heading-title elementor-size-default\">TEG Services\u2019s <\/h6>\t\t\t\t<\/div>\n\t\t\t\t<\/div>\n\t\t\t\t<div class=\"elementor-element elementor-element-cf90e9d elementor-widget__width-auto elementor-widget-divider--view-line elementor-widget elementor-widget-divider\" data-id=\"cf90e9d\" data-element_type=\"widget\" data-e-type=\"widget\" data-widget_type=\"divider.default\">\n\t\t\t\t<div class=\"elementor-widget-container\">\n\t\t\t\t\t\t\t<div class=\"elementor-divider\">\n\t\t\t<span class=\"elementor-divider-separator\">\n\t\t\t\t\t\t<\/span>\n\t\t<\/div>\n\t\t\t\t\t\t<\/div>\n\t\t\t\t<\/div>\n\t\t\t\t\t<\/div>\n\t\t<\/div>\n\t\t\t\t\t<\/div>\n\t\t<\/section>\n\t\t\t\t<div class=\"elementor-element elementor-element-78993e2 elementor-widget__width-auto elementor-widget elementor-widget-heading\" data-id=\"78993e2\" data-element_type=\"widget\" data-e-type=\"widget\" data-widget_type=\"heading.default\">\n\t\t\t\t<div class=\"elementor-widget-container\">\n\t\t\t\t\t<h4 class=\"elementor-heading-title elementor-size-default\">Consultas Sin Compromiso de TEG Services en P\u00f3lizas de Seguros de Vida<\/h4>\t\t\t\t<\/div>\n\t\t\t\t<\/div>\n\t\t\t\t<div class=\"elementor-element elementor-element-9df2cc4 elementor-widget elementor-widget-text-editor\" data-id=\"9df2cc4\" data-element_type=\"widget\" data-e-type=\"widget\" data-widget_type=\"text-editor.default\">\n\t\t\t\t<div class=\"elementor-widget-container\">\n\t\t\t\t\t\t\t\t\t<p>Cuando se comunique con nosotros, con gusto hablaremos con usted para aclarar cualquier confusi\u00f3n o inquietud que pueda tener sobre el seguro de vida y las diferentes aseguradoras disponibles. De acuerdo con la informaci\u00f3n que nos proporcione sobre su situaci\u00f3n de vida, podemos darle una cotizaci\u00f3n por tel\u00e9fono, pero siempre es mejor programar una consulta en persona para que no se pase por alto ning\u00fan detalle.<\/p><p>Como estrategas de seguros de vida certificados, nuestro equipo puede ayudarlo a seleccionar la cobertura perfecta para su situaci\u00f3n. Utilizando nuestro profundo conocimiento de la industria y nuestro software avanzado, determinaremos el monto de cobertura que consideramos necesario y suficiente. Luego, le encontraremos los mejores productos para sus necesidades de las mejores compa\u00f1\u00edas de seguros.<\/p><p>Le garantizamos que cualquier informaci\u00f3n personal que comparta con nosotros se mantendr\u00e1 estrictamente confidencial, pase lo que pase.<\/p>\t\t\t\t\t\t\t\t<\/div>\n\t\t\t\t<\/div>\n\t\t\t\t<div class=\"elementor-element elementor-element-ecadc9c elementor-widget__width-auto elementor-widget elementor-widget-heading\" data-id=\"ecadc9c\" data-element_type=\"widget\" data-e-type=\"widget\" data-widget_type=\"heading.default\">\n\t\t\t\t<div class=\"elementor-widget-container\">\n\t\t\t\t\t<h4 class=\"elementor-heading-title elementor-size-default\">Compara Coberturas y Compa\u00f1\u00edas de Seguros de Vida<\/h4>\t\t\t\t<\/div>\n\t\t\t\t<\/div>\n\t\t\t\t<div class=\"elementor-element elementor-element-bc6f88e elementor-widget elementor-widget-text-editor\" data-id=\"bc6f88e\" data-element_type=\"widget\" data-e-type=\"widget\" data-widget_type=\"text-editor.default\">\n\t\t\t\t<div class=\"elementor-widget-container\">\n\t\t\t\t\t\t\t\t\t<p>Todo buen plan financiero debe incluir un seguro de vida. En TEG Services, podemos conectarlo con una amplia gama de destacadas compa\u00f1\u00edas de seguros de vida con excelentes programas de cobertura que se adaptan a cada necesidad.<\/p><p>Los dos tipos principales de cobertura de seguro de vida son los siguientes:<\/p><h5>Seguro de t\u00e9rmino de vida<\/h5><p>Si est\u00e1 buscando una opci\u00f3n de seguro de vida asequible, el seguro de vida a t\u00e9rmino puede ser la mejor opci\u00f3n para usted. Con esta cobertura, usted y sus beneficiarios est\u00e1n cubiertos por un per\u00edodo espec\u00edfico que puede establecer y ajustar. Una vez que esto est\u00e9 en su lugar, su proveedor de seguros pagar\u00e1 un beneficio durante este tiempo, si corresponde.<\/p><h5>Si est\u00e1 buscando una opci\u00f3n de seguro de vida asequible, el seguro de vida a t\u00e9rmino puede ser la mejor opci\u00f3n para usted. Con esta cobertura, usted y sus beneficiarios est\u00e1n cubiertos por un per\u00edodo espec\u00edfico que puede establecer y ajustar. Una vez que esto est\u00e9 en su lugar, su proveedor de seguros pagar\u00e1 un beneficio durante este tiempo, si corresponde.<\/h5><p>El seguro de vida entera es una inversi\u00f3n mayor, pero a diferencia del seguro de vida a t\u00e9rmino, nunca se agota y est\u00e1 garantizado para toda la vida. Adem\u00e1s, este tipo de p\u00f3liza tambi\u00e9n puede acumular valor en efectivo con el tiempo, lo que garantiza un beneficio por fallecimiento para sus beneficiarios.<\/p>\t\t\t\t\t\t\t\t<\/div>\n\t\t\t\t<\/div>\n\t\t\t\t<div class=\"elementor-element elementor-element-481318a elementor-widget__width-auto elementor-widget elementor-widget-heading\" data-id=\"481318a\" data-element_type=\"widget\" data-e-type=\"widget\" data-widget_type=\"heading.default\">\n\t\t\t\t<div class=\"elementor-widget-container\">\n\t\t\t\t\t<h4 class=\"elementor-heading-title elementor-size-default\">Compa\u00f1\u00eda de compensaci\u00f3n para trabajadores enfocada en el cliente<\/h4>\t\t\t\t<\/div>\n\t\t\t\t<\/div>\n\t\t\t\t<div class=\"elementor-element elementor-element-a8521ae elementor-widget elementor-widget-text-editor\" data-id=\"a8521ae\" data-element_type=\"widget\" data-e-type=\"widget\" data-widget_type=\"text-editor.default\">\n\t\t\t\t<div class=\"elementor-widget-container\">\n\t\t\t\t\t\t\t\t\t<div class=\"large-12 columns\"><h5>Servicio al cliente excepcional<\/h5><p>Como compa\u00f1\u00eda de compensaci\u00f3n para trabajadores, sabemos que los paquetes que ofrecemos pueden ser un salvavidas para un empleado lesionado. Dado que nuestro servicio es de tanta importancia, tomamos todas las precauciones para garantizar que nuestros planes de cobertura sean confiables. Seleccionamos cuidadosamente nuestras asociaciones con las compa\u00f1\u00edas de seguros. Comparamos y contrastamos sus pol\u00edticas con todas las dem\u00e1s disponibles para asegurarnos de que estamos ofreciendo solo los mejores paquetes del mercado.<\/p><p>Pero nuestra responsabilidad no termina ah\u00ed. En TEG Services, creemos que nuestro deber se extiende a la asistencia en reclamos. En caso de alg\u00fan imprevisto, siempre puede comunicarse con nosotros por tel\u00e9fono para resolver cualquiera de sus dudas o inquietudes. Lo guiaremos paso a paso a trav\u00e9s del proceso de presentaci\u00f3n de un reclamo con su seguro hasta que se resuelva el caso.<\/p><p>Planes de seguro completos. Servicio al cliente completo.<\/p><\/div>\t\t\t\t\t\t\t\t<\/div>\n\t\t\t\t<\/div>\n\t\t\t\t\t<\/div>\n\t\t<\/div>\n\t\t\t\t\t<\/div>\n\t\t<\/section>\n\t\t\t\t<\/div>","protected":false},"excerpt":{"rendered":"<p>Life Insurance When choosing the best life insurance coverage for you, it can be helpful to have professionals like TEG Services guiding the way. Whether you\u2019re in the market for term life insurance, whole life insurance, or something more specific, our brokers find you the best coverage at the lowest cost. Reach out to us [&hellip;]<\/p>\n","protected":false},"author":1,"featured_media":0,"parent":0,"menu_order":0,"comment_status":"closed","ping_status":"closed","template":"","meta":{"site-sidebar-layout":"no-sidebar","site-content-layout":"page-builder","ast-site-content-layout":"default","site-content-style":"default","site-sidebar-style":"default","ast-global-header-display":"","ast-banner-title-visibility":"","ast-main-header-display":"","ast-hfb-above-header-display":"","ast-hfb-below-header-display":"","ast-hfb-mobile-header-display":"","site-post-title":"disabled","ast-breadcrumbs-content":"disabled","ast-featured-img":"disabled","footer-sml-layout":"","ast-disable-related-posts":"","theme-transparent-header-meta":"enabled","adv-header-id-meta":"","stick-header-meta":"","header-above-stick-meta":"","header-main-stick-meta":"","header-below-stick-meta":"","astra-migrate-meta-layouts":"default","ast-page-background-enabled":"default","ast-page-background-meta":{"desktop":{"background-color":"","background-image":"","background-repeat":"repeat","background-position":"center center","background-size":"auto","background-attachment":"scroll","background-type":"","background-media":"","overlay-type":"","overlay-color":"","overlay-opacity":"","overlay-gradient":""},"tablet":{"background-color":"","background-image":"","background-repeat":"repeat","background-position":"center center","background-size":"auto","background-attachment":"scroll","background-type":"","background-media":"","overlay-type":"","overlay-color":"","overlay-opacity":"","overlay-gradient":""},"mobile":{"background-color":"","background-image":"","background-repeat":"repeat","background-position":"center center","background-size":"auto","background-attachment":"scroll","background-type":"","background-media":"","overlay-type":"","overlay-color":"","overlay-opacity":"","overlay-gradient":""}},"ast-content-background-meta":{"desktop":{"background-color":"var(--ast-global-color-5)","background-image":"","background-repeat":"repeat","background-position":"center center","background-size":"auto","background-attachment":"scroll","background-type":"","background-media":"","overlay-type":"","overlay-color":"","overlay-opacity":"","overlay-gradient":""},"tablet":{"background-color":"var(--ast-global-color-5)","background-image":"","background-repeat":"repeat","background-position":"center center","background-size":"auto","background-attachment":"scroll","background-type":"","background-media":"","overlay-type":"","overlay-color":"","overlay-opacity":"","overlay-gradient":""},"mobile":{"background-color":"var(--ast-global-color-5)","background-image":"","background-repeat":"repeat","background-position":"center center","background-size":"auto","background-attachment":"scroll","background-type":"","background-media":"","overlay-type":"","overlay-color":"","overlay-opacity":"","overlay-gradient":""}},"footnotes":""},"class_list":["post-814","page","type-page","status-publish","hentry"],"_links":{"self":[{"href":"https:\/\/tegservicesinc.com\/site\/es\/wp-json\/wp\/v2\/pages\/814","targetHints":{"allow":["GET"]}}],"collection":[{"href":"https:\/\/tegservicesinc.com\/site\/es\/wp-json\/wp\/v2\/pages"}],"about":[{"href":"https:\/\/tegservicesinc.com\/site\/es\/wp-json\/wp\/v2\/types\/page"}],"author":[{"embeddable":true,"href":"https:\/\/tegservicesinc.com\/site\/es\/wp-json\/wp\/v2\/users\/1"}],"replies":[{"embeddable":true,"href":"https:\/\/tegservicesinc.com\/site\/es\/wp-json\/wp\/v2\/comments?post=814"}],"version-history":[{"count":0,"href":"https:\/\/tegservicesinc.com\/site\/es\/wp-json\/wp\/v2\/pages\/814\/revisions"}],"wp:attachment":[{"href":"https:\/\/tegservicesinc.com\/site\/es\/wp-json\/wp\/v2\/media?parent=814"}],"curies":[{"name":"wp","href":"https:\/\/api.w.org\/{rel}","templated":true}]}}