{"id":669,"date":"2021-12-15T12:47:12","date_gmt":"2021-12-15T12:47:12","guid":{"rendered":"https:\/\/tegservicesinc.com\/site\/?page_id=669"},"modified":"2021-12-15T13:18:20","modified_gmt":"2021-12-15T13:18:20","slug":"life-and-health-insurance","status":"publish","type":"page","link":"https:\/\/tegservicesinc.com\/site\/es\/life-and-health-insurance\/","title":{"rendered":"Life and Health Insurance"},"content":{"rendered":"<div data-elementor-type=\"wp-page\" data-elementor-id=\"669\" class=\"elementor elementor-669\">\n\t\t\t\t\t\t<section class=\"elementor-section elementor-top-section elementor-element elementor-element-fbd6343 elementor-section-boxed elementor-section-height-default elementor-section-height-default\" data-id=\"fbd6343\" data-element_type=\"section\" data-e-type=\"section\" data-settings=\"{&quot;background_background&quot;:&quot;classic&quot;}\">\n\t\t\t\t\t\t\t<div class=\"elementor-background-overlay\"><\/div>\n\t\t\t\t\t\t\t<div class=\"elementor-container elementor-column-gap-no\">\n\t\t\t\t\t<div class=\"elementor-column elementor-col-100 elementor-top-column elementor-element elementor-element-cfbfd48\" data-id=\"cfbfd48\" data-element_type=\"column\" data-e-type=\"column\">\n\t\t\t<div class=\"elementor-widget-wrap elementor-element-populated\">\n\t\t\t\t\t\t<div class=\"elementor-element elementor-element-3c1950b elementor-widget elementor-widget-heading\" data-id=\"3c1950b\" data-element_type=\"widget\" data-e-type=\"widget\" data-widget_type=\"heading.default\">\n\t\t\t\t<div class=\"elementor-widget-container\">\n\t\t\t\t\t<h1 class=\"elementor-heading-title elementor-size-default\">Beneficios de seguro de vida y salud<\/h1>\t\t\t\t<\/div>\n\t\t\t\t<\/div>\n\t\t\t\t\t<\/div>\n\t\t<\/div>\n\t\t\t\t\t<\/div>\n\t\t<\/section>\n\t\t\t\t<section class=\"elementor-section elementor-top-section elementor-element elementor-element-2619033 elementor-section-boxed elementor-section-height-default elementor-section-height-default\" data-id=\"2619033\" data-element_type=\"section\" data-e-type=\"section\">\n\t\t\t\t\t\t<div class=\"elementor-container elementor-column-gap-default\">\n\t\t\t\t\t<div class=\"elementor-column elementor-col-100 elementor-top-column elementor-element elementor-element-a995a96\" data-id=\"a995a96\" data-element_type=\"column\" data-e-type=\"column\" data-settings=\"{&quot;background_background&quot;:&quot;gradient&quot;}\">\n\t\t\t<div class=\"elementor-widget-wrap elementor-element-populated\">\n\t\t\t\t\t<div class=\"elementor-background-overlay\"><\/div>\n\t\t\t\t\t\t<div class=\"elementor-element elementor-element-7105199 elementor-widget elementor-widget-heading\" data-id=\"7105199\" data-element_type=\"widget\" data-e-type=\"widget\" data-widget_type=\"heading.default\">\n\t\t\t\t<div class=\"elementor-widget-container\">\n\t\t\t\t\t<h4 class=\"elementor-heading-title elementor-size-default\">TEG Services se compromete a encontrar los planes de seguro m\u00e9dico y de vida adecuados para empresas e individuos por igual. Desde que abrimos nuestras puertas, nos hemos distinguido como un proveedor de servicios confiable con un s\u00f3lido historial de \u00e9xito. Ayudamos a nuestros clientes a comprar los productos de seguros m\u00e1s competitivos del mercado, brind\u00e1ndoles la cobertura que necesitan al precio que desean.<\/h4>\t\t\t\t<\/div>\n\t\t\t\t<\/div>\n\t\t\t\t<div class=\"elementor-element elementor-element-f415bf5 elementor-align-center elementor-widget elementor-widget-button\" data-id=\"f415bf5\" data-element_type=\"widget\" data-e-type=\"widget\" data-widget_type=\"button.default\">\n\t\t\t\t<div class=\"elementor-widget-container\">\n\t\t\t\t\t\t\t\t\t<div class=\"elementor-button-wrapper\">\n\t\t\t\t\t<a class=\"elementor-button elementor-button-link elementor-size-sm\" href=\"tel:+12819604000?id=118819492\">\n\t\t\t\t\t\t<span class=\"elementor-button-content-wrapper\">\n\t\t\t\t\t\t<span class=\"elementor-button-icon\">\n\t\t\t\t<i aria-hidden=\"true\" class=\"fas fa-phone-alt\"><\/i>\t\t\t<\/span>\n\t\t\t\t\t\t\t\t\t<span class=\"elementor-button-text\"> Comunicate con nosotros aqu\u00ed<\/span>\n\t\t\t\t\t<\/span>\n\t\t\t\t\t<\/a>\n\t\t\t\t<\/div>\n\t\t\t\t\t\t\t\t<\/div>\n\t\t\t\t<\/div>\n\t\t\t\t\t<\/div>\n\t\t<\/div>\n\t\t\t\t\t<\/div>\n\t\t<\/section>\n\t\t\t\t<section class=\"elementor-section elementor-top-section elementor-element elementor-element-087efc0 elementor-section-boxed elementor-section-height-default elementor-section-height-default\" data-id=\"087efc0\" data-element_type=\"section\" data-e-type=\"section\">\n\t\t\t\t\t\t<div class=\"elementor-container elementor-column-gap-no\">\n\t\t\t\t\t<div class=\"elementor-column elementor-col-100 elementor-top-column elementor-element elementor-element-e10c73c\" data-id=\"e10c73c\" data-element_type=\"column\" data-e-type=\"column\">\n\t\t\t<div class=\"elementor-widget-wrap elementor-element-populated\">\n\t\t\t\t\t\t<section class=\"elementor-section elementor-inner-section elementor-element elementor-element-cf1f7c6 elementor-section-boxed elementor-section-height-default elementor-section-height-default\" data-id=\"cf1f7c6\" data-element_type=\"section\" data-e-type=\"section\">\n\t\t\t\t\t\t<div class=\"elementor-container elementor-column-gap-default\">\n\t\t\t\t\t<div class=\"elementor-column elementor-col-100 elementor-inner-column elementor-element elementor-element-cb7958e\" data-id=\"cb7958e\" data-element_type=\"column\" data-e-type=\"column\">\n\t\t\t<div class=\"elementor-widget-wrap elementor-element-populated\">\n\t\t\t\t\t\t<div class=\"elementor-element elementor-element-303a3e8 elementor-widget__width-auto elementor-widget elementor-widget-heading\" data-id=\"303a3e8\" data-element_type=\"widget\" data-e-type=\"widget\" data-widget_type=\"heading.default\">\n\t\t\t\t<div class=\"elementor-widget-container\">\n\t\t\t\t\t<h6 class=\"elementor-heading-title elementor-size-default\">TEG Services\u2019s <\/h6>\t\t\t\t<\/div>\n\t\t\t\t<\/div>\n\t\t\t\t<div class=\"elementor-element elementor-element-cf90e9d elementor-widget__width-auto elementor-widget-divider--view-line elementor-widget elementor-widget-divider\" data-id=\"cf90e9d\" data-element_type=\"widget\" data-e-type=\"widget\" data-widget_type=\"divider.default\">\n\t\t\t\t<div class=\"elementor-widget-container\">\n\t\t\t\t\t\t\t<div class=\"elementor-divider\">\n\t\t\t<span class=\"elementor-divider-separator\">\n\t\t\t\t\t\t<\/span>\n\t\t<\/div>\n\t\t\t\t\t\t<\/div>\n\t\t\t\t<\/div>\n\t\t\t\t\t<\/div>\n\t\t<\/div>\n\t\t\t\t\t<\/div>\n\t\t<\/section>\n\t\t\t\t<div class=\"elementor-element elementor-element-78993e2 elementor-widget__width-auto elementor-widget elementor-widget-heading\" data-id=\"78993e2\" data-element_type=\"widget\" data-e-type=\"widget\" data-widget_type=\"heading.default\">\n\t\t\t\t<div class=\"elementor-widget-container\">\n\t\t\t\t\t<h4 class=\"elementor-heading-title elementor-size-default\">Encontrando los mejores planes de seguro m\u00e9dico grupal<\/h4>\t\t\t\t<\/div>\n\t\t\t\t<\/div>\n\t\t\t\t<div class=\"elementor-element elementor-element-9df2cc4 elementor-widget elementor-widget-text-editor\" data-id=\"9df2cc4\" data-element_type=\"widget\" data-e-type=\"widget\" data-widget_type=\"text-editor.default\">\n\t\t\t\t<div class=\"elementor-widget-container\">\n\t\t\t\t\t\t\t\t\t<p>Como corredor independiente, ayudamos a nuestros clientes a buscar los mejores planes de seguros disponibles. Trabajamos con una amplia gama de aseguradoras, las cuales ponemos a tu disposici\u00f3n. Al aprovechar esos contactos, le brindamos la oportunidad de comparar una gama de diferentes paquetes, productos y p\u00f3lizas de seguro en toda la industria. Ya sea que est\u00e9 buscando cobertura extendida, dental o m\u00e1s, nos aseguraremos de que aproveche al m\u00e1ximo su presupuesto.<\/p><p>\u00bfC\u00f3mo lo hacemos? Empezamos proporcionando una <strong>consulta personalizada y sin compromiso<\/strong>.<\/p>\t\t\t\t\t\t\t\t<\/div>\n\t\t\t\t<\/div>\n\t\t\t\t<div class=\"elementor-element elementor-element-ecadc9c elementor-widget__width-auto elementor-widget elementor-widget-heading\" data-id=\"ecadc9c\" data-element_type=\"widget\" data-e-type=\"widget\" data-widget_type=\"heading.default\">\n\t\t\t\t<div class=\"elementor-widget-container\">\n\t\t\t\t\t<h4 class=\"elementor-heading-title elementor-size-default\">Consultas de Seguros de Vida y Salud Sin Compromiso<\/h4>\t\t\t\t<\/div>\n\t\t\t\t<\/div>\n\t\t\t\t<div class=\"elementor-element elementor-element-bc6f88e elementor-widget elementor-widget-text-editor\" data-id=\"bc6f88e\" data-element_type=\"widget\" data-e-type=\"widget\" data-widget_type=\"text-editor.default\">\n\t\t\t\t<div class=\"elementor-widget-container\">\n\t\t\t\t\t\t\t\t\t<p>Hemos dise\u00f1ado nuestro proceso consultivo para que sea integral y colaborativo. Cuando nos elige, nos tomamos el tiempo para conocerlo a usted, sus necesidades y sus prioridades. De esa manera, podemos determinar sus opciones de seguro de salud empresarial en funci\u00f3n de su presupuesto. Le proporcionaremos varias opciones competitivas, reduciendo las opciones hasta que encuentre la adecuada para usted y su negocio.<\/p>\t\t\t\t\t\t\t\t<\/div>\n\t\t\t\t<\/div>\n\t\t\t\t<div class=\"elementor-element elementor-element-481318a elementor-widget__width-auto elementor-widget elementor-widget-heading\" data-id=\"481318a\" data-element_type=\"widget\" data-e-type=\"widget\" data-widget_type=\"heading.default\">\n\t\t\t\t<div class=\"elementor-widget-container\">\n\t\t\t\t\t<h4 class=\"elementor-heading-title elementor-size-default\">Servicios TEG: Cobertura de Seguro de Vida Integral, Precios Accesibles<\/h4>\t\t\t\t<\/div>\n\t\t\t\t<\/div>\n\t\t\t\t<div class=\"elementor-element elementor-element-a8521ae elementor-widget elementor-widget-text-editor\" data-id=\"a8521ae\" data-element_type=\"widget\" data-e-type=\"widget\" data-widget_type=\"text-editor.default\">\n\t\t\t\t<div class=\"elementor-widget-container\">\n\t\t\t\t\t\t\t\t\t<div class=\"large-12 columns\"><p>Estamos devolviendo el poder a tus manos. Ofrecemos una gran selecci\u00f3n de planes y paquetes de seguros de numerosas compa\u00f1\u00edas. Cada uno viene con una gran cantidad de opciones de personalizaci\u00f3n, lo que nos permite personalizar su paquete de acuerdo con sus necesidades y presupuesto.<\/p><p>Nosotros podemos ayudar con:<\/p><ul class=\"icon-list\"><li>seguro de salud colectivo<\/li><li>Seguro colectivo de invalidez<\/li><li>Seguro de lesiones personales<\/li><li>Cobertura de responsabilidad<\/li><li>Atenci\u00f3n m\u00e9dica complementaria<\/li><li>cuentas de ahorro para la salud<\/li><li>Dental<\/li><li>Visi\u00f3n<\/li><li>Prestaciones voluntarias<\/li><li>y mucho mas<\/li><\/ul><p>Estaremos encantados de guiarlo a trav\u00e9s de sus diversas opciones, explicando en detalle c\u00f3mo puede obtener el m\u00e1ximo rendimiento de su inversi\u00f3n. De esa manera, puede continuar estando protegido, mejorar la moral y mantener un fuerte sentido de lealtad en la oficina.<\/p><\/div>\t\t\t\t\t\t\t\t<\/div>\n\t\t\t\t<\/div>\n\t\t\t\t<div class=\"elementor-element elementor-element-c9b4c7d elementor-widget__width-auto elementor-widget elementor-widget-heading\" data-id=\"c9b4c7d\" data-element_type=\"widget\" data-e-type=\"widget\" data-widget_type=\"heading.default\">\n\t\t\t\t<div class=\"elementor-widget-container\">\n\t\t\t\t\t<h4 class=\"elementor-heading-title elementor-size-default\">P\u00f3lizas y Servicios de Seguro de Salud Grupal Personalizados<\/h4>\t\t\t\t<\/div>\n\t\t\t\t<\/div>\n\t\t\t\t<div class=\"elementor-element elementor-element-41febc6 elementor-widget elementor-widget-text-editor\" data-id=\"41febc6\" data-element_type=\"widget\" data-e-type=\"widget\" data-widget_type=\"text-editor.default\">\n\t\t\t\t<div class=\"elementor-widget-container\">\n\t\t\t\t\t\t\t\t\t<div class=\"large-12 columns\"><div class=\"large-12 columns\"><p>As insurance brokers, we strive to provide excellent support to every client who comes our way. Our job\u2019s not done just because we\u2019ve made a sale. We strive to cultivate strong working relationships with our clients, ensuring that we help them with all their insurance needs\u2014before, during, and after the point of sale.<\/p><p>Cuando nos elige, mantenemos abierta la l\u00ednea de comunicaci\u00f3n con usted. Estaremos encantados de saber c\u00f3mo est\u00e1 funcionando su plan de seguro para usted y estaremos listos para responder a cualquier pregunta o inquietud que pueda tener en el camino.<\/p><\/div><\/div>\t\t\t\t\t\t\t\t<\/div>\n\t\t\t\t<\/div>\n\t\t\t\t\t<\/div>\n\t\t<\/div>\n\t\t\t\t\t<\/div>\n\t\t<\/section>\n\t\t\t\t<\/div>","protected":false},"excerpt":{"rendered":"<p>Life and Health Insurance Benefits TEG Services is committed to finding the right health and life insurance plans for businesses and individuals alike. Since opening our doors, we\u2019ve set ourselves apart as a trustworthy service provider with a strong record of success. We help our clients shop for the most competitive insurance products on the [&hellip;]<\/p>\n","protected":false},"author":1,"featured_media":0,"parent":0,"menu_order":0,"comment_status":"closed","ping_status":"closed","template":"","meta":{"site-sidebar-layout":"no-sidebar","site-content-layout":"page-builder","ast-site-content-layout":"default","site-content-style":"default","site-sidebar-style":"default","ast-global-header-display":"","ast-banner-title-visibility":"","ast-main-header-display":"","ast-hfb-above-header-display":"","ast-hfb-below-header-display":"","ast-hfb-mobile-header-display":"","site-post-title":"disabled","ast-breadcrumbs-content":"disabled","ast-featured-img":"disabled","footer-sml-layout":"","ast-disable-related-posts":"","theme-transparent-header-meta":"enabled","adv-header-id-meta":"","stick-header-meta":"","header-above-stick-meta":"","header-main-stick-meta":"","header-below-stick-meta":"","astra-migrate-meta-layouts":"default","ast-page-background-enabled":"default","ast-page-background-meta":{"desktop":{"background-color":"","background-image":"","background-repeat":"repeat","background-position":"center center","background-size":"auto","background-attachment":"scroll","background-type":"","background-media":"","overlay-type":"","overlay-color":"","overlay-opacity":"","overlay-gradient":""},"tablet":{"background-color":"","background-image":"","background-repeat":"repeat","background-position":"center center","background-size":"auto","background-attachment":"scroll","background-type":"","background-media":"","overlay-type":"","overlay-color":"","overlay-opacity":"","overlay-gradient":""},"mobile":{"background-color":"","background-image":"","background-repeat":"repeat","background-position":"center center","background-size":"auto","background-attachment":"scroll","background-type":"","background-media":"","overlay-type":"","overlay-color":"","overlay-opacity":"","overlay-gradient":""}},"ast-content-background-meta":{"desktop":{"background-color":"var(--ast-global-color-5)","background-image":"","background-repeat":"repeat","background-position":"center center","background-size":"auto","background-attachment":"scroll","background-type":"","background-media":"","overlay-type":"","overlay-color":"","overlay-opacity":"","overlay-gradient":""},"tablet":{"background-color":"var(--ast-global-color-5)","background-image":"","background-repeat":"repeat","background-position":"center center","background-size":"auto","background-attachment":"scroll","background-type":"","background-media":"","overlay-type":"","overlay-color":"","overlay-opacity":"","overlay-gradient":""},"mobile":{"background-color":"var(--ast-global-color-5)","background-image":"","background-repeat":"repeat","background-position":"center center","background-size":"auto","background-attachment":"scroll","background-type":"","background-media":"","overlay-type":"","overlay-color":"","overlay-opacity":"","overlay-gradient":""}},"footnotes":""},"class_list":["post-669","page","type-page","status-publish","hentry"],"_links":{"self":[{"href":"https:\/\/tegservicesinc.com\/site\/es\/wp-json\/wp\/v2\/pages\/669","targetHints":{"allow":["GET"]}}],"collection":[{"href":"https:\/\/tegservicesinc.com\/site\/es\/wp-json\/wp\/v2\/pages"}],"about":[{"href":"https:\/\/tegservicesinc.com\/site\/es\/wp-json\/wp\/v2\/types\/page"}],"author":[{"embeddable":true,"href":"https:\/\/tegservicesinc.com\/site\/es\/wp-json\/wp\/v2\/users\/1"}],"replies":[{"embeddable":true,"href":"https:\/\/tegservicesinc.com\/site\/es\/wp-json\/wp\/v2\/comments?post=669"}],"version-history":[{"count":0,"href":"https:\/\/tegservicesinc.com\/site\/es\/wp-json\/wp\/v2\/pages\/669\/revisions"}],"wp:attachment":[{"href":"https:\/\/tegservicesinc.com\/site\/es\/wp-json\/wp\/v2\/media?parent=669"}],"curies":[{"name":"wp","href":"https:\/\/api.w.org\/{rel}","templated":true}]}}