{"id":660,"date":"2021-12-12T23:38:33","date_gmt":"2021-12-12T23:38:33","guid":{"rendered":"https:\/\/tegservicesinc.com\/site\/?page_id=660"},"modified":"2021-12-12T23:41:52","modified_gmt":"2021-12-12T23:41:52","slug":"employee-retirement-plans","status":"publish","type":"page","link":"https:\/\/tegservicesinc.com\/site\/es\/employee-retirement-plans\/","title":{"rendered":"Planes de jubilaci\u00f3n"},"content":{"rendered":"<div data-elementor-type=\"wp-page\" data-elementor-id=\"660\" class=\"elementor elementor-660\">\n\t\t\t\t\t\t<section class=\"elementor-section elementor-top-section elementor-element elementor-element-fbd6343 elementor-section-boxed elementor-section-height-default elementor-section-height-default\" data-id=\"fbd6343\" data-element_type=\"section\" data-e-type=\"section\" data-settings=\"{&quot;background_background&quot;:&quot;classic&quot;}\">\n\t\t\t\t\t\t\t<div class=\"elementor-background-overlay\"><\/div>\n\t\t\t\t\t\t\t<div class=\"elementor-container elementor-column-gap-no\">\n\t\t\t\t\t<div class=\"elementor-column elementor-col-100 elementor-top-column elementor-element elementor-element-cfbfd48\" data-id=\"cfbfd48\" data-element_type=\"column\" data-e-type=\"column\">\n\t\t\t<div class=\"elementor-widget-wrap elementor-element-populated\">\n\t\t\t\t\t\t<div class=\"elementor-element elementor-element-3c1950b elementor-widget elementor-widget-heading\" data-id=\"3c1950b\" data-element_type=\"widget\" data-e-type=\"widget\" data-widget_type=\"heading.default\">\n\t\t\t\t<div class=\"elementor-widget-container\">\n\t\t\t\t\t<h1 class=\"elementor-heading-title elementor-size-default\">Planes de jubilaci\u00f3n<\/h1>\t\t\t\t<\/div>\n\t\t\t\t<\/div>\n\t\t\t\t\t<\/div>\n\t\t<\/div>\n\t\t\t\t\t<\/div>\n\t\t<\/section>\n\t\t\t\t<section class=\"elementor-section elementor-top-section elementor-element elementor-element-2619033 elementor-section-boxed elementor-section-height-default elementor-section-height-default\" data-id=\"2619033\" data-element_type=\"section\" data-e-type=\"section\">\n\t\t\t\t\t\t<div class=\"elementor-container elementor-column-gap-default\">\n\t\t\t\t\t<div class=\"elementor-column elementor-col-100 elementor-top-column elementor-element elementor-element-a995a96\" data-id=\"a995a96\" data-element_type=\"column\" data-e-type=\"column\" data-settings=\"{&quot;background_background&quot;:&quot;gradient&quot;}\">\n\t\t\t<div class=\"elementor-widget-wrap elementor-element-populated\">\n\t\t\t\t\t<div class=\"elementor-background-overlay\"><\/div>\n\t\t\t\t\t\t<div class=\"elementor-element elementor-element-7105199 elementor-widget elementor-widget-heading\" data-id=\"7105199\" data-element_type=\"widget\" data-e-type=\"widget\" data-widget_type=\"heading.default\">\n\t\t\t\t<div class=\"elementor-widget-container\">\n\t\t\t\t\t<h4 class=\"elementor-heading-title elementor-size-default\">En TEG Services, nos especializamos en negociar e implementar planes de jubilaci\u00f3n grupales para empresarios y empleadores. Nuestros corredores brindan orientaci\u00f3n profesional, buenos consejos y soluciones de planificaci\u00f3n expertas para empresas de varios tama\u00f1os. En el camino, ayudamos a los empleadores a planificar para el futuro, mejorar el desempe\u00f1o laboral y desarrollar la lealtad de los empleados.\n\nComience a aprovechar nuestros beneficios de jubilaci\u00f3n para empleados hoy.<\/h4>\t\t\t\t<\/div>\n\t\t\t\t<\/div>\n\t\t\t\t<div class=\"elementor-element elementor-element-f415bf5 elementor-align-center elementor-widget elementor-widget-button\" data-id=\"f415bf5\" data-element_type=\"widget\" data-e-type=\"widget\" data-widget_type=\"button.default\">\n\t\t\t\t<div class=\"elementor-widget-container\">\n\t\t\t\t\t\t\t\t\t<div class=\"elementor-button-wrapper\">\n\t\t\t\t\t<a class=\"elementor-button elementor-button-link elementor-size-sm\" href=\"tel:+12819604000?id=118819492\">\n\t\t\t\t\t\t<span class=\"elementor-button-content-wrapper\">\n\t\t\t\t\t\t<span class=\"elementor-button-icon\">\n\t\t\t\t<i aria-hidden=\"true\" class=\"fas fa-phone-alt\"><\/i>\t\t\t<\/span>\n\t\t\t\t\t\t\t\t\t<span class=\"elementor-button-text\"> Comunicate con nosotros aqu\u00ed<\/span>\n\t\t\t\t\t<\/span>\n\t\t\t\t\t<\/a>\n\t\t\t\t<\/div>\n\t\t\t\t\t\t\t\t<\/div>\n\t\t\t\t<\/div>\n\t\t\t\t\t<\/div>\n\t\t<\/div>\n\t\t\t\t\t<\/div>\n\t\t<\/section>\n\t\t\t\t<section class=\"elementor-section elementor-top-section elementor-element elementor-element-087efc0 elementor-section-boxed elementor-section-height-default elementor-section-height-default\" data-id=\"087efc0\" data-element_type=\"section\" data-e-type=\"section\">\n\t\t\t\t\t\t<div class=\"elementor-container elementor-column-gap-no\">\n\t\t\t\t\t<div class=\"elementor-column elementor-col-100 elementor-top-column elementor-element elementor-element-e10c73c\" data-id=\"e10c73c\" data-element_type=\"column\" data-e-type=\"column\">\n\t\t\t<div class=\"elementor-widget-wrap elementor-element-populated\">\n\t\t\t\t\t\t<section class=\"elementor-section elementor-inner-section elementor-element elementor-element-cf1f7c6 elementor-section-boxed elementor-section-height-default elementor-section-height-default\" data-id=\"cf1f7c6\" data-element_type=\"section\" data-e-type=\"section\">\n\t\t\t\t\t\t<div class=\"elementor-container elementor-column-gap-default\">\n\t\t\t\t\t<div class=\"elementor-column elementor-col-100 elementor-inner-column elementor-element elementor-element-cb7958e\" data-id=\"cb7958e\" data-element_type=\"column\" data-e-type=\"column\">\n\t\t\t<div class=\"elementor-widget-wrap elementor-element-populated\">\n\t\t\t\t\t\t<div class=\"elementor-element elementor-element-303a3e8 elementor-widget__width-auto elementor-widget elementor-widget-heading\" data-id=\"303a3e8\" data-element_type=\"widget\" data-e-type=\"widget\" data-widget_type=\"heading.default\">\n\t\t\t\t<div class=\"elementor-widget-container\">\n\t\t\t\t\t<h6 class=\"elementor-heading-title elementor-size-default\">TEG Services\u2019s <\/h6>\t\t\t\t<\/div>\n\t\t\t\t<\/div>\n\t\t\t\t<div class=\"elementor-element elementor-element-cf90e9d elementor-widget__width-auto elementor-widget-divider--view-line elementor-widget elementor-widget-divider\" data-id=\"cf90e9d\" data-element_type=\"widget\" data-e-type=\"widget\" data-widget_type=\"divider.default\">\n\t\t\t\t<div class=\"elementor-widget-container\">\n\t\t\t\t\t\t\t<div class=\"elementor-divider\">\n\t\t\t<span class=\"elementor-divider-separator\">\n\t\t\t\t\t\t<\/span>\n\t\t<\/div>\n\t\t\t\t\t\t<\/div>\n\t\t\t\t<\/div>\n\t\t\t\t\t<\/div>\n\t\t<\/div>\n\t\t\t\t\t<\/div>\n\t\t<\/section>\n\t\t\t\t<div class=\"elementor-element elementor-element-78993e2 elementor-widget__width-auto elementor-widget elementor-widget-heading\" data-id=\"78993e2\" data-element_type=\"widget\" data-e-type=\"widget\" data-widget_type=\"heading.default\">\n\t\t\t\t<div class=\"elementor-widget-container\">\n\t\t\t\t\t<h4 class=\"elementor-heading-title elementor-size-default\">Planes de Pensiones de Empleados Personalizados<\/h4>\t\t\t\t<\/div>\n\t\t\t\t<\/div>\n\t\t\t\t<div class=\"elementor-element elementor-element-9df2cc4 elementor-widget elementor-widget-text-editor\" data-id=\"9df2cc4\" data-element_type=\"widget\" data-e-type=\"widget\" data-widget_type=\"text-editor.default\">\n\t\t\t\t<div class=\"elementor-widget-container\">\n\t\t\t\t\t\t\t\t\t<p>Como corredor de seguros, nos esforzamos por brindar una experiencia boutique personalizada a nuestros clientes. Buscamos v\u00ednculos fuertes y centrados en el cliente. De esa manera, podemos continuar brindando el m\u00e1s alto nivel de servicio al cliente, con los productos de seguros m\u00e1s rentables disponibles.<\/p><p>Nuestro proceso de consulta en profundidad nos ayuda a lograr esos objetivos. Nos tomamos el tiempo para conocer a cada uno de nuestros clientes: sus necesidades, sus deseos y sus prioridades para el seguro colectivo. Al hacerlo, podemos adaptar nuestro enfoque de acuerdo con los intereses comerciales de cada uno. Cuando nos elija, lo ayudaremos a reducir sus opciones, una por una, hasta que lleguemos al paquete de beneficios de jubilaci\u00f3n adecuado para usted y su empresa.<\/p><p>Nuestro enfoque personalizado garantiza una mejor selecci\u00f3n de productos y precios m\u00e1s asequibles. No estamos en el negocio de venderle a usted y a su personal m\u00e1s de lo que necesitan. En su lugar, ofrecemos ofertas de paquetes precisos a precios altamente competitivos.<\/p>\t\t\t\t\t\t\t\t<\/div>\n\t\t\t\t<\/div>\n\t\t\t\t<div class=\"elementor-element elementor-element-ecadc9c elementor-widget__width-auto elementor-widget elementor-widget-heading\" data-id=\"ecadc9c\" data-element_type=\"widget\" data-e-type=\"widget\" data-widget_type=\"heading.default\">\n\t\t\t\t<div class=\"elementor-widget-container\">\n\t\t\t\t\t<h4 class=\"elementor-heading-title elementor-size-default\">Maximice el crecimiento con los beneficios de jubilaci\u00f3n de los empleados<\/h4>\t\t\t\t<\/div>\n\t\t\t\t<\/div>\n\t\t\t\t<div class=\"elementor-element elementor-element-bc6f88e elementor-widget elementor-widget-text-editor\" data-id=\"bc6f88e\" data-element_type=\"widget\" data-e-type=\"widget\" data-widget_type=\"text-editor.default\">\n\t\t\t\t<div class=\"elementor-widget-container\">\n\t\t\t\t\t\t\t\t\t<p>Nuestras soluciones rentables aseguran que nuestros clientes aprovechen al m\u00e1ximo los beneficios de jubilaci\u00f3n de su personal. Al proporcionar los paquetes m\u00e1s competitivos del mercado actual, le damos el poder de darse una vuelta y encontrar el mejor paquete para usted y su personal. Como resultado, puede esperar disfrutar de:<\/p><ul class=\"icon-list\"><li>Mejora de la moral de los empleados<\/li><li>Mejor rendimiento laboral<\/li><li>Mayor lealtad del personal<\/li><li>Experto en gesti\u00f3n de inversiones de pensiones<\/li><\/ul><p>Haga crecer su negocio: eso es lo que nuestros productos de jubilaci\u00f3n pretenden ayudarlo a hacer. Est\u00e1n all\u00ed para ayudarlo a mejorar el rendimiento, maximizar el crecimiento y allanar el camino hacia el \u00e9xito.<\/p>\t\t\t\t\t\t\t\t<\/div>\n\t\t\t\t<\/div>\n\t\t\t\t<div class=\"elementor-element elementor-element-481318a elementor-widget__width-auto elementor-widget elementor-widget-heading\" data-id=\"481318a\" data-element_type=\"widget\" data-e-type=\"widget\" data-widget_type=\"heading.default\">\n\t\t\t\t<div class=\"elementor-widget-container\">\n\t\t\t\t\t<h4 class=\"elementor-heading-title elementor-size-default\">Planes Superiores de Pensiones Complementarias de TEG Services<\/h4>\t\t\t\t<\/div>\n\t\t\t\t<\/div>\n\t\t\t\t<div class=\"elementor-element elementor-element-a8521ae elementor-widget elementor-widget-text-editor\" data-id=\"a8521ae\" data-element_type=\"widget\" data-e-type=\"widget\" data-widget_type=\"text-editor.default\">\n\t\t\t\t<div class=\"elementor-widget-container\">\n\t\t\t\t\t\t\t\t\t<div class=\"large-12 columns\"><div class=\"large-12 columns\"><h5>El corredor de seguros del grupo comprometido con la excelencia.<\/h5><p>Somos un equipo apasionado de especialistas comprometidos a brindar la mejor experiencia de servicio posible. Cada miembro de nuestro equipo es un profesional certificado con a\u00f1os de experiencia. Estar\u00e1n all\u00ed para garantizar que usted y su personal tengan un plan a largo plazo para el futuro.<\/p><p>Como cliente de TEG Services, puede aprovechar nuestros servicios de atenci\u00f3n al cliente de primer nivel. Mantenemos abierta la l\u00ednea de comunicaci\u00f3n y nos ponemos a disposici\u00f3n para brindar asistencia en todo momento. Con nosotros, puede estar tranquilo sabiendo que siempre estamos ah\u00ed para ayudarlo.<\/p><\/div><\/div>\t\t\t\t\t\t\t\t<\/div>\n\t\t\t\t<\/div>\n\t\t\t\t\t<\/div>\n\t\t<\/div>\n\t\t\t\t\t<\/div>\n\t\t<\/section>\n\t\t\t\t<\/div>","protected":false},"excerpt":{"rendered":"<p>Employee Retirement Plans At TEG Services, we specialize in negotiating and implementing group retirement plans for business owners and employers. Our brokers provide professional guidance, sound advice, and expert planning solutions for businesses of various sizes. Along the way, we help employers plan for the future, improve job performance, and build employee loyalty. Start taking [&hellip;]<\/p>\n","protected":false},"author":1,"featured_media":0,"parent":0,"menu_order":0,"comment_status":"closed","ping_status":"closed","template":"","meta":{"site-sidebar-layout":"no-sidebar","site-content-layout":"page-builder","ast-site-content-layout":"default","site-content-style":"default","site-sidebar-style":"default","ast-global-header-display":"","ast-banner-title-visibility":"","ast-main-header-display":"","ast-hfb-above-header-display":"","ast-hfb-below-header-display":"","ast-hfb-mobile-header-display":"","site-post-title":"disabled","ast-breadcrumbs-content":"disabled","ast-featured-img":"disabled","footer-sml-layout":"","ast-disable-related-posts":"","theme-transparent-header-meta":"enabled","adv-header-id-meta":"","stick-header-meta":"","header-above-stick-meta":"","header-main-stick-meta":"","header-below-stick-meta":"","astra-migrate-meta-layouts":"default","ast-page-background-enabled":"default","ast-page-background-meta":{"desktop":{"background-color":"","background-image":"","background-repeat":"repeat","background-position":"center center","background-size":"auto","background-attachment":"scroll","background-type":"","background-media":"","overlay-type":"","overlay-color":"","overlay-opacity":"","overlay-gradient":""},"tablet":{"background-color":"","background-image":"","background-repeat":"repeat","background-position":"center center","background-size":"auto","background-attachment":"scroll","background-type":"","background-media":"","overlay-type":"","overlay-color":"","overlay-opacity":"","overlay-gradient":""},"mobile":{"background-color":"","background-image":"","background-repeat":"repeat","background-position":"center center","background-size":"auto","background-attachment":"scroll","background-type":"","background-media":"","overlay-type":"","overlay-color":"","overlay-opacity":"","overlay-gradient":""}},"ast-content-background-meta":{"desktop":{"background-color":"var(--ast-global-color-5)","background-image":"","background-repeat":"repeat","background-position":"center center","background-size":"auto","background-attachment":"scroll","background-type":"","background-media":"","overlay-type":"","overlay-color":"","overlay-opacity":"","overlay-gradient":""},"tablet":{"background-color":"var(--ast-global-color-5)","background-image":"","background-repeat":"repeat","background-position":"center center","background-size":"auto","background-attachment":"scroll","background-type":"","background-media":"","overlay-type":"","overlay-color":"","overlay-opacity":"","overlay-gradient":""},"mobile":{"background-color":"var(--ast-global-color-5)","background-image":"","background-repeat":"repeat","background-position":"center center","background-size":"auto","background-attachment":"scroll","background-type":"","background-media":"","overlay-type":"","overlay-color":"","overlay-opacity":"","overlay-gradient":""}},"footnotes":""},"class_list":["post-660","page","type-page","status-publish","hentry"],"_links":{"self":[{"href":"https:\/\/tegservicesinc.com\/site\/es\/wp-json\/wp\/v2\/pages\/660","targetHints":{"allow":["GET"]}}],"collection":[{"href":"https:\/\/tegservicesinc.com\/site\/es\/wp-json\/wp\/v2\/pages"}],"about":[{"href":"https:\/\/tegservicesinc.com\/site\/es\/wp-json\/wp\/v2\/types\/page"}],"author":[{"embeddable":true,"href":"https:\/\/tegservicesinc.com\/site\/es\/wp-json\/wp\/v2\/users\/1"}],"replies":[{"embeddable":true,"href":"https:\/\/tegservicesinc.com\/site\/es\/wp-json\/wp\/v2\/comments?post=660"}],"version-history":[{"count":0,"href":"https:\/\/tegservicesinc.com\/site\/es\/wp-json\/wp\/v2\/pages\/660\/revisions"}],"wp:attachment":[{"href":"https:\/\/tegservicesinc.com\/site\/es\/wp-json\/wp\/v2\/media?parent=660"}],"curies":[{"name":"wp","href":"https:\/\/api.w.org\/{rel}","templated":true}]}}