{"id":584,"date":"2021-12-12T18:15:57","date_gmt":"2021-12-12T18:15:57","guid":{"rendered":"https:\/\/tegservicesinc.com\/site\/?page_id=584"},"modified":"2021-12-12T22:50:43","modified_gmt":"2021-12-12T22:50:43","slug":"workers-compensation-insurance","status":"publish","type":"page","link":"https:\/\/tegservicesinc.com\/site\/es\/workers-compensation-insurance\/","title":{"rendered":"Seguro de Compensaci\u00f3n Laboral"},"content":{"rendered":"<div data-elementor-type=\"wp-page\" data-elementor-id=\"584\" class=\"elementor elementor-584\">\n\t\t\t\t\t\t<section class=\"elementor-section elementor-top-section elementor-element elementor-element-fbd6343 elementor-section-boxed elementor-section-height-default elementor-section-height-default\" data-id=\"fbd6343\" data-element_type=\"section\" data-e-type=\"section\" data-settings=\"{&quot;background_background&quot;:&quot;classic&quot;}\">\n\t\t\t\t\t\t\t<div class=\"elementor-background-overlay\"><\/div>\n\t\t\t\t\t\t\t<div class=\"elementor-container elementor-column-gap-no\">\n\t\t\t\t\t<div class=\"elementor-column elementor-col-100 elementor-top-column elementor-element elementor-element-cfbfd48\" data-id=\"cfbfd48\" data-element_type=\"column\" data-e-type=\"column\">\n\t\t\t<div class=\"elementor-widget-wrap elementor-element-populated\">\n\t\t\t\t\t\t<div class=\"elementor-element elementor-element-3c1950b elementor-widget elementor-widget-heading\" data-id=\"3c1950b\" data-element_type=\"widget\" data-e-type=\"widget\" data-widget_type=\"heading.default\">\n\t\t\t\t<div class=\"elementor-widget-container\">\n\t\t\t\t\t<h1 class=\"elementor-heading-title elementor-size-default\">Seguro de Compensaci\u00f3n Laboral<\/h1>\t\t\t\t<\/div>\n\t\t\t\t<\/div>\n\t\t\t\t\t<\/div>\n\t\t<\/div>\n\t\t\t\t\t<\/div>\n\t\t<\/section>\n\t\t\t\t<section class=\"elementor-section elementor-top-section elementor-element elementor-element-2619033 elementor-section-boxed elementor-section-height-default elementor-section-height-default\" data-id=\"2619033\" data-element_type=\"section\" data-e-type=\"section\">\n\t\t\t\t\t\t<div class=\"elementor-container elementor-column-gap-default\">\n\t\t\t\t\t<div class=\"elementor-column elementor-col-100 elementor-top-column elementor-element elementor-element-a995a96\" data-id=\"a995a96\" data-element_type=\"column\" data-e-type=\"column\" data-settings=\"{&quot;background_background&quot;:&quot;gradient&quot;}\">\n\t\t\t<div class=\"elementor-widget-wrap elementor-element-populated\">\n\t\t\t\t\t<div class=\"elementor-background-overlay\"><\/div>\n\t\t\t\t\t\t<div class=\"elementor-element elementor-element-7105199 elementor-widget elementor-widget-heading\" data-id=\"7105199\" data-element_type=\"widget\" data-e-type=\"widget\" data-widget_type=\"heading.default\">\n\t\t\t\t<div class=\"elementor-widget-container\">\n\t\t\t\t\t<h4 class=\"elementor-heading-title elementor-size-default\">Si usted es due\u00f1o de un negocio y necesita un plan de seguro de compensaci\u00f3n para trabajadores completo y rentable, no busque m\u00e1s all\u00e1 de TEG Services.\n\nSomos una agencia de seguros que se especializa en compensaci\u00f3n de trabajadores. Nuestros agentes bien informados y agradables trabajar\u00e1n en estrecha colaboraci\u00f3n con usted para evaluar sus responsabilidades y seleccionar un plan para cubrirlas todas dentro de su presupuesto.<\/h4>\t\t\t\t<\/div>\n\t\t\t\t<\/div>\n\t\t\t\t<div class=\"elementor-element elementor-element-f415bf5 elementor-align-center elementor-widget elementor-widget-button\" data-id=\"f415bf5\" data-element_type=\"widget\" data-e-type=\"widget\" data-widget_type=\"button.default\">\n\t\t\t\t<div class=\"elementor-widget-container\">\n\t\t\t\t\t\t\t\t\t<div class=\"elementor-button-wrapper\">\n\t\t\t\t\t<a class=\"elementor-button elementor-button-link elementor-size-sm\" href=\"tel:+12819604000?id=118819492\">\n\t\t\t\t\t\t<span class=\"elementor-button-content-wrapper\">\n\t\t\t\t\t\t<span class=\"elementor-button-icon\">\n\t\t\t\t<i aria-hidden=\"true\" class=\"fas fa-phone-alt\"><\/i>\t\t\t<\/span>\n\t\t\t\t\t\t\t\t\t<span class=\"elementor-button-text\"> Comunicate con nosotros aqu\u00ed<\/span>\n\t\t\t\t\t<\/span>\n\t\t\t\t\t<\/a>\n\t\t\t\t<\/div>\n\t\t\t\t\t\t\t\t<\/div>\n\t\t\t\t<\/div>\n\t\t\t\t\t<\/div>\n\t\t<\/div>\n\t\t\t\t\t<\/div>\n\t\t<\/section>\n\t\t\t\t<section class=\"elementor-section elementor-top-section elementor-element elementor-element-087efc0 elementor-section-boxed elementor-section-height-default elementor-section-height-default\" data-id=\"087efc0\" data-element_type=\"section\" data-e-type=\"section\">\n\t\t\t\t\t\t<div class=\"elementor-container elementor-column-gap-no\">\n\t\t\t\t\t<div class=\"elementor-column elementor-col-100 elementor-top-column elementor-element elementor-element-e10c73c\" data-id=\"e10c73c\" data-element_type=\"column\" data-e-type=\"column\">\n\t\t\t<div class=\"elementor-widget-wrap elementor-element-populated\">\n\t\t\t\t\t\t<section class=\"elementor-section elementor-inner-section elementor-element elementor-element-cf1f7c6 elementor-section-boxed elementor-section-height-default elementor-section-height-default\" data-id=\"cf1f7c6\" data-element_type=\"section\" data-e-type=\"section\">\n\t\t\t\t\t\t<div class=\"elementor-container elementor-column-gap-default\">\n\t\t\t\t\t<div class=\"elementor-column elementor-col-100 elementor-inner-column elementor-element elementor-element-cb7958e\" data-id=\"cb7958e\" data-element_type=\"column\" data-e-type=\"column\">\n\t\t\t<div class=\"elementor-widget-wrap elementor-element-populated\">\n\t\t\t\t\t\t<div class=\"elementor-element elementor-element-303a3e8 elementor-widget__width-auto elementor-widget elementor-widget-heading\" data-id=\"303a3e8\" data-element_type=\"widget\" data-e-type=\"widget\" data-widget_type=\"heading.default\">\n\t\t\t\t<div class=\"elementor-widget-container\">\n\t\t\t\t\t<h6 class=\"elementor-heading-title elementor-size-default\">TEG Services\u2019s <\/h6>\t\t\t\t<\/div>\n\t\t\t\t<\/div>\n\t\t\t\t<div class=\"elementor-element elementor-element-cf90e9d elementor-widget__width-auto elementor-widget-divider--view-line elementor-widget elementor-widget-divider\" data-id=\"cf90e9d\" data-element_type=\"widget\" data-e-type=\"widget\" data-widget_type=\"divider.default\">\n\t\t\t\t<div class=\"elementor-widget-container\">\n\t\t\t\t\t\t\t<div class=\"elementor-divider\">\n\t\t\t<span class=\"elementor-divider-separator\">\n\t\t\t\t\t\t<\/span>\n\t\t<\/div>\n\t\t\t\t\t\t<\/div>\n\t\t\t\t<\/div>\n\t\t\t\t\t<\/div>\n\t\t<\/div>\n\t\t\t\t\t<\/div>\n\t\t<\/section>\n\t\t\t\t<div class=\"elementor-element elementor-element-78993e2 elementor-widget__width-auto elementor-widget elementor-widget-heading\" data-id=\"78993e2\" data-element_type=\"widget\" data-e-type=\"widget\" data-widget_type=\"heading.default\">\n\t\t\t\t<div class=\"elementor-widget-container\">\n\t\t\t\t\t<h4 class=\"elementor-heading-title elementor-size-default\">Planes integrales de seguro de compensaci\u00f3n para trabajadores de TEG Services<\/h4>\t\t\t\t<\/div>\n\t\t\t\t<\/div>\n\t\t\t\t<div class=\"elementor-element elementor-element-9df2cc4 elementor-widget elementor-widget-text-editor\" data-id=\"9df2cc4\" data-element_type=\"widget\" data-e-type=\"widget\" data-widget_type=\"text-editor.default\">\n\t\t\t\t<div class=\"elementor-widget-container\">\n\t\t\t\t\t\t\t\t\t<p>Como due\u00f1o de un negocio, el seguro de compensaci\u00f3n para trabajadores no solo es obligatorio por ley, sino que tambi\u00e9n es invaluable. Si uno o m\u00e1s de sus empleados se lesionan en el trabajo, la compensaci\u00f3n de los trabajadores pagar\u00e1 su atenci\u00f3n m\u00e9dica y rehabilitaci\u00f3n f\u00edsica, as\u00ed como los salarios perdidos. Sin mencionar que este seguro tambi\u00e9n puede protegerlo a usted, el empleador, de ser demandado.<\/p><p>Pero, \u00bfd\u00f3nde encuentras esta cobertura? Ah\u00ed es donde entra en juego nuestra compa\u00f1\u00eda de seguros de compensaci\u00f3n para trabajadores. Ofrecemos opciones de seguros de amplio alcance y gran alcance que se prestar\u00e1n a un lugar de trabajo seguro lleno de empleados seguros y protegidos. Nuestras p\u00f3lizas de seguro de compensaci\u00f3n para trabajadores pueden incluir:<\/p><ul class=\"icon-list\"><li>Atenci\u00f3n m\u00e9dica<\/li><li>Rehabilitaci\u00f3n f\u00edsica<\/li><li>Rehabilitacion vocacional<\/li><li>Prestaciones por incapacidad temporal<\/li><li>Prestaciones por incapacidad permanente<\/li><li>Beneficios suplementarios por desplazamiento de trabajo<\/li><li>y mucho mas<\/li><\/ul><p>Con nuestra extensa lista de inclusiones, puede estar tranquilo sabiendo que en caso de accidente laboral, sus empleados tendr\u00e1n acceso inmediato y efectivo a tratamiento m\u00e9dico e indemnizaci\u00f3n salarial.\u00a0<\/p>\t\t\t\t\t\t\t\t<\/div>\n\t\t\t\t<\/div>\n\t\t\t\t<div class=\"elementor-element elementor-element-ecadc9c elementor-widget__width-auto elementor-widget elementor-widget-heading\" data-id=\"ecadc9c\" data-element_type=\"widget\" data-e-type=\"widget\" data-widget_type=\"heading.default\">\n\t\t\t\t<div class=\"elementor-widget-container\">\n\t\t\t\t\t<h4 class=\"elementor-heading-title elementor-size-default\">Consultas personalizadas sobre el seguro de compensaci\u00f3n para trabajadores<\/h4>\t\t\t\t<\/div>\n\t\t\t\t<\/div>\n\t\t\t\t<div class=\"elementor-element elementor-element-bc6f88e elementor-widget elementor-widget-text-editor\" data-id=\"bc6f88e\" data-element_type=\"widget\" data-e-type=\"widget\" data-widget_type=\"text-editor.default\">\n\t\t\t\t<div class=\"elementor-widget-container\">\n\t\t\t\t\t\t\t\t\t<p>Para encontrar un plan que sea adecuado para usted, nos sentaremos con usted personalmente o hablaremos con usted por tel\u00e9fono durante una consulta sin compromiso.<\/p><p>Bas\u00e1ndonos en nuestros muchos a\u00f1os de conocimiento de la industria, evaluaremos las responsabilidades de su negocio y campo de trabajo. A partir de ah\u00ed, trabajaremos en colaboraci\u00f3n con usted para crear un paquete de protecci\u00f3n que se ajuste a sus necesidades y presupuesto.<\/p>\t\t\t\t\t\t\t\t<\/div>\n\t\t\t\t<\/div>\n\t\t\t\t<div class=\"elementor-element elementor-element-481318a elementor-widget__width-auto elementor-widget elementor-widget-heading\" data-id=\"481318a\" data-element_type=\"widget\" data-e-type=\"widget\" data-widget_type=\"heading.default\">\n\t\t\t\t<div class=\"elementor-widget-container\">\n\t\t\t\t\t<h4 class=\"elementor-heading-title elementor-size-default\">Compa\u00f1\u00eda de compensaci\u00f3n para trabajadores enfocada en el cliente<\/h4>\t\t\t\t<\/div>\n\t\t\t\t<\/div>\n\t\t\t\t<div class=\"elementor-element elementor-element-a8521ae elementor-widget elementor-widget-text-editor\" data-id=\"a8521ae\" data-element_type=\"widget\" data-e-type=\"widget\" data-widget_type=\"text-editor.default\">\n\t\t\t\t<div class=\"elementor-widget-container\">\n\t\t\t\t\t\t\t\t\t<div class=\"large-12 columns\"><h5>Servicio al cliente excepcional<\/h5><p>Como compa\u00f1\u00eda de compensaci\u00f3n para trabajadores, sabemos que los paquetes que ofrecemos pueden ser un salvavidas para un empleado lesionado. Dado que nuestro servicio es de tanta importancia, tomamos todas las precauciones para garantizar que nuestros planes de cobertura sean confiables. Seleccionamos cuidadosamente nuestras asociaciones con las compa\u00f1\u00edas de seguros. Comparamos y contrastamos sus pol\u00edticas con todas las dem\u00e1s disponibles para asegurarnos de que estamos ofreciendo solo los mejores paquetes del mercado.<\/p><p>Pero nuestra responsabilidad no termina ah\u00ed. En TEG Services, creemos que nuestro deber se extiende a la asistencia en reclamos. En caso de alg\u00fan imprevisto, siempre puede comunicarse con nosotros por tel\u00e9fono para resolver cualquiera de sus dudas o inquietudes. Lo guiaremos paso a paso a trav\u00e9s del proceso de presentaci\u00f3n de un reclamo con su seguro hasta que se resuelva el caso.<\/p><p>Planes de seguro completos. Servicio al cliente completo.<\/p><\/div>\t\t\t\t\t\t\t\t<\/div>\n\t\t\t\t<\/div>\n\t\t\t\t\t<\/div>\n\t\t<\/div>\n\t\t\t\t\t<\/div>\n\t\t<\/section>\n\t\t\t\t<\/div>","protected":false},"excerpt":{"rendered":"<p>Workers Compensation Insurance If you are a business owner in need of a cost-effective, complete workers\u2019 compensation insurance plan, look no further than TEG Services. We are an insurance agency that specializes in workers\u2019 compensation. Our knowledgeable and personable agents will work closely with you to assess your liabilities and select a plan to cover [&hellip;]<\/p>\n","protected":false},"author":1,"featured_media":0,"parent":0,"menu_order":0,"comment_status":"closed","ping_status":"closed","template":"","meta":{"site-sidebar-layout":"no-sidebar","site-content-layout":"page-builder","ast-site-content-layout":"default","site-content-style":"default","site-sidebar-style":"default","ast-global-header-display":"","ast-banner-title-visibility":"","ast-main-header-display":"","ast-hfb-above-header-display":"","ast-hfb-below-header-display":"","ast-hfb-mobile-header-display":"","site-post-title":"disabled","ast-breadcrumbs-content":"disabled","ast-featured-img":"disabled","footer-sml-layout":"","ast-disable-related-posts":"","theme-transparent-header-meta":"enabled","adv-header-id-meta":"","stick-header-meta":"","header-above-stick-meta":"","header-main-stick-meta":"","header-below-stick-meta":"","astra-migrate-meta-layouts":"default","ast-page-background-enabled":"default","ast-page-background-meta":{"desktop":{"background-color":"","background-image":"","background-repeat":"repeat","background-position":"center center","background-size":"auto","background-attachment":"scroll","background-type":"","background-media":"","overlay-type":"","overlay-color":"","overlay-opacity":"","overlay-gradient":""},"tablet":{"background-color":"","background-image":"","background-repeat":"repeat","background-position":"center center","background-size":"auto","background-attachment":"scroll","background-type":"","background-media":"","overlay-type":"","overlay-color":"","overlay-opacity":"","overlay-gradient":""},"mobile":{"background-color":"","background-image":"","background-repeat":"repeat","background-position":"center center","background-size":"auto","background-attachment":"scroll","background-type":"","background-media":"","overlay-type":"","overlay-color":"","overlay-opacity":"","overlay-gradient":""}},"ast-content-background-meta":{"desktop":{"background-color":"var(--ast-global-color-5)","background-image":"","background-repeat":"repeat","background-position":"center center","background-size":"auto","background-attachment":"scroll","background-type":"","background-media":"","overlay-type":"","overlay-color":"","overlay-opacity":"","overlay-gradient":""},"tablet":{"background-color":"var(--ast-global-color-5)","background-image":"","background-repeat":"repeat","background-position":"center center","background-size":"auto","background-attachment":"scroll","background-type":"","background-media":"","overlay-type":"","overlay-color":"","overlay-opacity":"","overlay-gradient":""},"mobile":{"background-color":"var(--ast-global-color-5)","background-image":"","background-repeat":"repeat","background-position":"center center","background-size":"auto","background-attachment":"scroll","background-type":"","background-media":"","overlay-type":"","overlay-color":"","overlay-opacity":"","overlay-gradient":""}},"footnotes":""},"class_list":["post-584","page","type-page","status-publish","hentry"],"_links":{"self":[{"href":"https:\/\/tegservicesinc.com\/site\/es\/wp-json\/wp\/v2\/pages\/584","targetHints":{"allow":["GET"]}}],"collection":[{"href":"https:\/\/tegservicesinc.com\/site\/es\/wp-json\/wp\/v2\/pages"}],"about":[{"href":"https:\/\/tegservicesinc.com\/site\/es\/wp-json\/wp\/v2\/types\/page"}],"author":[{"embeddable":true,"href":"https:\/\/tegservicesinc.com\/site\/es\/wp-json\/wp\/v2\/users\/1"}],"replies":[{"embeddable":true,"href":"https:\/\/tegservicesinc.com\/site\/es\/wp-json\/wp\/v2\/comments?post=584"}],"version-history":[{"count":0,"href":"https:\/\/tegservicesinc.com\/site\/es\/wp-json\/wp\/v2\/pages\/584\/revisions"}],"wp:attachment":[{"href":"https:\/\/tegservicesinc.com\/site\/es\/wp-json\/wp\/v2\/media?parent=584"}],"curies":[{"name":"wp","href":"https:\/\/api.w.org\/{rel}","templated":true}]}}